{"id":198,"date":"2023-10-30T14:11:34","date_gmt":"2023-10-30T14:11:34","guid":{"rendered":"https:\/\/lootvinahouses.ee\/?page_id=198"},"modified":"2025-07-16T07:23:22","modified_gmt":"2025-07-16T07:23:22","slug":"meist","status":"publish","type":"page","link":"https:\/\/lootvinahouses.ee\/en\/meist\/","title":{"rendered":"About us"},"content":{"rendered":"\t\t<div data-elementor-type=\"wp-page\" data-elementor-id=\"198\" class=\"elementor elementor-198\" data-elementor-post-type=\"page\">\n\t\t\t\t<div class=\"has_ae_slider elementor-element elementor-element-9cd23a9 e-flex e-con-boxed ae-bg-gallery-type-default e-con e-parent\" data-id=\"9cd23a9\" data-element_type=\"container\" data-e-type=\"container\" data-settings=\"{&quot;background_background&quot;:&quot;classic&quot;}\">\n\t\t\t\t\t<div class=\"e-con-inner\">\n\t\t\t\t<div class=\"elementor-element elementor-element-724c66c elementor-widget elementor-widget-heading\" data-id=\"724c66c\" data-element_type=\"widget\" data-e-type=\"widget\" data-widget_type=\"heading.default\">\n\t\t\t\t<div class=\"elementor-widget-container\">\n\t\t\t\t\t<h2 class=\"elementor-heading-title elementor-size-default\">Meist l\u00e4hemalt<\/h2>\t\t\t\t<\/div>\n\t\t\t\t<\/div>\n\t\t\t\t<div class=\"elementor-element elementor-element-32747db elementor-icon-list--layout-inline elementor-list-item-link-full_width elementor-widget elementor-widget-icon-list\" data-id=\"32747db\" data-element_type=\"widget\" data-e-type=\"widget\" data-widget_type=\"icon-list.default\">\n\t\t\t\t<div class=\"elementor-widget-container\">\n\t\t\t\t\t\t\t<ul class=\"elementor-icon-list-items elementor-inline-items\">\n\t\t\t\t\t\t\t<li class=\"elementor-icon-list-item elementor-inline-item\">\n\t\t\t\t\t\t\t\t\t\t\t<a href=\"https:\/\/lootvinahouses.ee\/en\">\n\n\t\t\t\t\t\t\t\t\t\t\t<span class=\"elementor-icon-list-text\">Lootvina Houses<\/span>\n\t\t\t\t\t\t\t\t\t\t\t<\/a>\n\t\t\t\t\t\t\t\t\t<\/li>\n\t\t\t\t\t\t\t\t<li class=\"elementor-icon-list-item elementor-inline-item\">\n\t\t\t\t\t\t\t\t\t\t\t<span class=\"elementor-icon-list-icon\">\n\t\t\t\t\t\t\t<i aria-hidden=\"true\" class=\"fas fa-angle-right\"><\/i>\t\t\t\t\t\t<\/span>\n\t\t\t\t\t\t\t\t\t\t<span class=\"elementor-icon-list-text\">Meist<\/span>\n\t\t\t\t\t\t\t\t\t<\/li>\n\t\t\t\t\t\t<\/ul>\n\t\t\t\t\t\t<\/div>\n\t\t\t\t<\/div>\n\t\t\t\t\t<\/div>\n\t\t\t\t<\/div>\n\t\t<div class=\"has_ae_slider elementor-element elementor-element-dc0a8f8 e-flex e-con-boxed ae-bg-gallery-type-default e-con e-parent\" data-id=\"dc0a8f8\" data-element_type=\"container\" data-e-type=\"container\">\n\t\t\t\t\t<div class=\"e-con-inner\">\n\t\t<div class=\"has_ae_slider elementor-element elementor-element-c83b8c9 e-flex e-con-boxed ae-bg-gallery-type-default e-con e-child\" data-id=\"c83b8c9\" data-element_type=\"container\" data-e-type=\"container\">\n\t\t\t\t\t<div class=\"e-con-inner\">\n\t\t<div class=\"has_ae_slider elementor-element elementor-element-172ca71 e-flex e-con-boxed ae-bg-gallery-type-default e-con e-child\" data-id=\"172ca71\" data-element_type=\"container\" data-e-type=\"container\">\n\t\t\t\t\t<div class=\"e-con-inner\">\n\t\t\t\t<div class=\"elementor-element elementor-element-c33e567 elementor-widget elementor-widget-heading\" data-id=\"c33e567\" data-element_type=\"widget\" data-e-type=\"widget\" data-widget_type=\"heading.default\">\n\t\t\t\t<div class=\"elementor-widget-container\">\n\t\t\t\t\t<h2 class=\"elementor-heading-title elementor-size-default\">Loome maagilisi elamusi<\/h2>\t\t\t\t<\/div>\n\t\t\t\t<\/div>\n\t\t\t\t<div class=\"elementor-element elementor-element-e81afc4 elementor-widget elementor-widget-heading\" data-id=\"e81afc4\" data-element_type=\"widget\" data-e-type=\"widget\" data-widget_type=\"heading.default\">\n\t\t\t\t<div class=\"elementor-widget-container\">\n\t\t\t\t\t<h2 class=\"elementor-heading-title elementor-size-default\">Lootvina Houses<\/h2>\t\t\t\t<\/div>\n\t\t\t\t<\/div>\n\t\t\t\t<div class=\"elementor-element elementor-element-6c58ac8 elementor-widget elementor-widget-text-editor\" data-id=\"6c58ac8\" data-element_type=\"widget\" data-e-type=\"widget\" data-widget_type=\"text-editor.default\">\n\t\t\t\t<div class=\"elementor-widget-container\">\n\t\t\t\t\t\t\t\t\t<p>Lootvina Houses sai alguse unistusest ja lapsep\u00f5lvenostalgiast. T\u00e4naseks on meil valmis ehitatud \u00fcks t\u00e4nap\u00e4evane &#8220;puuonn&#8221; ning teine on valmimisel!<\/p><p>Puuonn &#8211; kirjeldab meie majutust h\u00e4sti kuid tegelikult j\u00e4tab meie pingutustest natukene liiga v\u00e4ikese mulje, reaalsuses on tegu v\u00e4ga korralike puhkemajadega, kus on erinevalt puuonnist piisavalt ruumi ja olemas k\u00f5ik t\u00e4nap\u00e4evased mugavused.<\/p><p>Kui onn on laste p\u00e4rusmaa siis meie majades saavad m\u00f5nusalt puhata k\u00f5ik nii suured, kui ka v\u00e4ikesed.\u00a0<\/p><p>Rajasime oma kompleksi looduskaunisse kohta, kus aeg j\u00e4\u00e4b seisma ning iga hetk loeb.\u00a0<\/p>\t\t\t\t\t\t\t\t<\/div>\n\t\t\t\t<\/div>\n\t\t<div class=\"has_ae_slider elementor-element elementor-element-8cb46a6 e-flex e-con-boxed ae-bg-gallery-type-default e-con e-child\" data-id=\"8cb46a6\" data-element_type=\"container\" data-e-type=\"container\">\n\t\t\t\t\t<div class=\"e-con-inner\">\n\t\t<div class=\"has_ae_slider elementor-element elementor-element-3ac13ec e-con-full e-flex ae-bg-gallery-type-default e-con e-child\" data-id=\"3ac13ec\" data-element_type=\"container\" data-e-type=\"container\">\n\t\t\t\t<div class=\"elementor-element elementor-element-a4a96c2 elementor-widget elementor-widget-button\" data-id=\"a4a96c2\" data-element_type=\"widget\" data-e-type=\"widget\" data-widget_type=\"button.default\">\n\t\t\t\t<div class=\"elementor-widget-container\">\n\t\t\t\t\t\t\t\t\t<div class=\"elementor-button-wrapper\">\n\t\t\t\t\t<a class=\"elementor-button elementor-button-link elementor-size-sm\" href=\"#tulevikuplaanid\">\n\t\t\t\t\t\t<span class=\"elementor-button-content-wrapper\">\n\t\t\t\t\t\t\t\t\t<span class=\"elementor-button-text\">Tulevikuplaanid<\/span>\n\t\t\t\t\t<\/span>\n\t\t\t\t\t<\/a>\n\t\t\t\t<\/div>\n\t\t\t\t\t\t\t\t<\/div>\n\t\t\t\t<\/div>\n\t\t\t\t<\/div>\n\t\t<div class=\"has_ae_slider elementor-element elementor-element-e3fc5af e-flex e-con-boxed ae-bg-gallery-type-default e-con e-child\" data-id=\"e3fc5af\" data-element_type=\"container\" data-e-type=\"container\">\n\t\t\t\t\t<div class=\"e-con-inner\">\n\t\t\t\t<div class=\"elementor-element elementor-element-8871699 elementor-widget elementor-widget-button\" data-id=\"8871699\" data-element_type=\"widget\" data-e-type=\"widget\" data-widget_type=\"button.default\">\n\t\t\t\t<div class=\"elementor-widget-container\">\n\t\t\t\t\t\t\t\t\t<div class=\"elementor-button-wrapper\">\n\t\t\t\t\t<a class=\"elementor-button elementor-button-link elementor-size-sm\" href=\"https:\/\/lootvinahouses.ee\/majad\/\">\n\t\t\t\t\t\t<span class=\"elementor-button-content-wrapper\">\n\t\t\t\t\t\t\t\t\t<span class=\"elementor-button-text\">Loe majadest l\u00e4hemalt<\/span>\n\t\t\t\t\t<\/span>\n\t\t\t\t\t<\/a>\n\t\t\t\t<\/div>\n\t\t\t\t\t\t\t\t<\/div>\n\t\t\t\t<\/div>\n\t\t\t\t\t<\/div>\n\t\t\t\t<\/div>\n\t\t\t\t\t<\/div>\n\t\t\t\t<\/div>\n\t\t\t\t\t<\/div>\n\t\t\t\t<\/div>\n\t\t<div class=\"has_ae_slider elementor-element elementor-element-1f0c81f e-flex e-con-boxed ae-bg-gallery-type-default e-con e-child\" data-id=\"1f0c81f\" data-element_type=\"container\" data-e-type=\"container\">\n\t\t\t\t\t<div class=\"e-con-inner\">\n\t\t<div class=\"has_ae_slider elementor-element elementor-element-4eb07ab e-flex e-con-boxed ae-bg-gallery-type-default e-con e-child\" data-id=\"4eb07ab\" data-element_type=\"container\" data-e-type=\"container\">\n\t\t\t\t\t<div class=\"e-con-inner\">\n\t\t\t\t<div class=\"elementor-element elementor-element-222135b elementor-widget elementor-widget-image\" data-id=\"222135b\" data-element_type=\"widget\" data-e-type=\"widget\" data-widget_type=\"image.default\">\n\t\t\t\t<div class=\"elementor-widget-container\">\n\t\t\t\t\t\t\t\t\t\t\t\t\t\t\t<img fetchpriority=\"high\" decoding=\"async\" width=\"768\" height=\"1024\" src=\"https:\/\/lootvinahouses.ee\/wp-content\/uploads\/2025\/07\/Tezza-1633-768x1024.jpg\" class=\"attachment-large size-large wp-image-792\" alt=\"\" srcset=\"https:\/\/lootvinahouses.ee\/wp-content\/uploads\/2025\/07\/Tezza-1633-768x1024.jpg 768w, https:\/\/lootvinahouses.ee\/wp-content\/uploads\/2025\/07\/Tezza-1633-225x300.jpg 225w, https:\/\/lootvinahouses.ee\/wp-content\/uploads\/2025\/07\/Tezza-1633-1152x1536.jpg 1152w, https:\/\/lootvinahouses.ee\/wp-content\/uploads\/2025\/07\/Tezza-1633-1536x2048.jpg 1536w, https:\/\/lootvinahouses.ee\/wp-content\/uploads\/2025\/07\/Tezza-1633-600x800.jpg 600w, https:\/\/lootvinahouses.ee\/wp-content\/uploads\/2025\/07\/Tezza-1633-scaled.jpg 1920w\" sizes=\"(max-width: 768px) 100vw, 768px\" \/>\t\t\t\t\t\t\t\t\t\t\t\t\t\t\t<\/div>\n\t\t\t\t<\/div>\n\t\t\t\t\t<\/div>\n\t\t\t\t<\/div>\n\t\t\t\t\t<\/div>\n\t\t\t\t<\/div>\n\t\t\t\t\t<\/div>\n\t\t\t\t<\/div>\n\t\t\t\t\t<\/div>\n\t\t\t\t<\/div>\n\t\t<div class=\"has_ae_slider elementor-element elementor-element-a224069 e-flex e-con-boxed ae-bg-gallery-type-default e-con e-parent\" data-id=\"a224069\" data-element_type=\"container\" data-e-type=\"container\" id=\"tulevikuplaanid\" data-settings=\"{&quot;background_background&quot;:&quot;classic&quot;}\">\n\t\t\t\t\t<div class=\"e-con-inner\">\n\t\t<div class=\"has_ae_slider elementor-element elementor-element-047fa18 e-flex e-con-boxed ae-bg-gallery-type-default e-con e-child\" data-id=\"047fa18\" data-element_type=\"container\" data-e-type=\"container\">\n\t\t\t\t\t<div class=\"e-con-inner\">\n\t\t\t\t<div class=\"elementor-element elementor-element-bfa8503 elementor-widget elementor-widget-heading\" data-id=\"bfa8503\" data-element_type=\"widget\" data-e-type=\"widget\" data-widget_type=\"heading.default\">\n\t\t\t\t<div class=\"elementor-widget-container\">\n\t\t\t\t\t<h2 class=\"elementor-heading-title elementor-size-default\">Tulevikuplaanid<\/h2>\t\t\t\t<\/div>\n\t\t\t\t<\/div>\n\t\t\t\t<div class=\"elementor-element elementor-element-f1932a9 elementor-widget elementor-widget-text-editor\" data-id=\"f1932a9\" data-element_type=\"widget\" data-e-type=\"widget\" data-widget_type=\"text-editor.default\">\n\t\t\t\t<div class=\"elementor-widget-container\">\n\t\t\t\t\t\t\t\t\t<p>Meie ambitsioonid ei piirdu paari puumaja ja saunakompleksiga. Soovime edasi areneda edumeelseks ja keskkonnas\u00f5bralikuks puhkekeskkonnaks, kus k\u00f5ik saavad veeta t\u00e4isv\u00e4\u00e4rtusliku kvaliteetaega.\u00a0<\/p><p>Soovime olla koht, kus saab rutiinist v\u00e4lja astuda ja akusid laadida, sest \u00fcbritsev keskkond just seda v\u00f5imaldab. Kuid lisaks puhkamisele saab siin olla ka meeletult produktiivne.\u00a0<\/p><p>J\u00e4ttes seljataha argip\u00e4eva mured ja kohustused saab m\u00f5nusas keskonnas suunata oma fookuse just sellele mis on oluline.\u00a0<\/p>\t\t\t\t\t\t\t\t<\/div>\n\t\t\t\t<\/div>\n\t\t\t\t\t<\/div>\n\t\t\t\t<\/div>\n\t\t<div class=\"has_ae_slider elementor-element elementor-element-84fd7b9 e-flex e-con-boxed ae-bg-gallery-type-default e-con e-child\" data-id=\"84fd7b9\" data-element_type=\"container\" data-e-type=\"container\">\n\t\t\t\t\t<div class=\"e-con-inner\">\n\t\t\t\t<div class=\"elementor-element elementor-element-c2a5938 missioon elementor-widget elementor-widget-accordion\" data-id=\"c2a5938\" data-element_type=\"widget\" data-e-type=\"widget\" data-widget_type=\"accordion.default\">\n\t\t\t\t<div class=\"elementor-widget-container\">\n\t\t\t\t\t\t\t<div class=\"elementor-accordion\">\n\t\t\t\t\t\t\t<div class=\"elementor-accordion-item\">\n\t\t\t\t\t<div id=\"elementor-tab-title-2041\" class=\"elementor-tab-title\" data-tab=\"1\" role=\"button\" aria-controls=\"elementor-tab-content-2041\" aria-expanded=\"false\">\n\t\t\t\t\t\t\t\t\t\t\t\t\t<span class=\"elementor-accordion-icon elementor-accordion-icon-right\" aria-hidden=\"true\">\n\t\t\t\t\t\t\t\t\t\t\t\t\t\t\t<span class=\"elementor-accordion-icon-closed\"><i class=\"fas fa-angle-down\"><\/i><\/span>\n\t\t\t\t\t\t\t\t<span class=\"elementor-accordion-icon-opened\"><i class=\"fas fa-angle-up\"><\/i><\/span>\n\t\t\t\t\t\t\t\t\t\t\t\t\t\t<\/span>\n\t\t\t\t\t\t\t\t\t\t\t\t<a class=\"elementor-accordion-title\" tabindex=\"0\">Meie Missioon<\/a>\n\t\t\t\t\t<\/div>\n\t\t\t\t\t<div id=\"elementor-tab-content-2041\" class=\"elementor-tab-content elementor-clearfix\" data-tab=\"1\" role=\"region\" aria-labelledby=\"elementor-tab-title-2041\"><p>Soovime pakkuda v\u00f5imalust puhata ja veeta t\u00e4isv\u00e4\u00e4rtusliku kvaliteetaega iseenda, pere ja l\u00e4hedastega.\u00a0<\/p><\/div>\n\t\t\t\t<\/div>\n\t\t\t\t\t\t\t<div class=\"elementor-accordion-item\">\n\t\t\t\t\t<div id=\"elementor-tab-title-2042\" class=\"elementor-tab-title\" data-tab=\"2\" role=\"button\" aria-controls=\"elementor-tab-content-2042\" aria-expanded=\"false\">\n\t\t\t\t\t\t\t\t\t\t\t\t\t<span class=\"elementor-accordion-icon elementor-accordion-icon-right\" aria-hidden=\"true\">\n\t\t\t\t\t\t\t\t\t\t\t\t\t\t\t<span class=\"elementor-accordion-icon-closed\"><i class=\"fas fa-angle-down\"><\/i><\/span>\n\t\t\t\t\t\t\t\t<span class=\"elementor-accordion-icon-opened\"><i class=\"fas fa-angle-up\"><\/i><\/span>\n\t\t\t\t\t\t\t\t\t\t\t\t\t\t<\/span>\n\t\t\t\t\t\t\t\t\t\t\t\t<a class=\"elementor-accordion-title\" tabindex=\"0\">Meie visioon<\/a>\n\t\t\t\t\t<\/div>\n\t\t\t\t\t<div id=\"elementor-tab-content-2042\" class=\"elementor-tab-content elementor-clearfix\" data-tab=\"2\" role=\"region\" aria-labelledby=\"elementor-tab-title-2042\"><p>Soovime kasvada edumeelseks ja keskkonnas\u00f5bralikuks puhkekompleksiks, kus saab rutiinist v\u00e4lja astuda ning olla koht, mille k\u00fclastamine muutub seltskondadele ja peredele traditsiooniks.\u00a0<\/p><\/div>\n\t\t\t\t<\/div>\n\t\t\t\t\t\t\t\t\t\t<script type=\"application\/ld+json\">{\"@context\":\"https:\\\/\\\/schema.org\",\"@type\":\"FAQPage\",\"mainEntity\":[{\"@type\":\"Question\",\"name\":\"Meie Missioon\",\"acceptedAnswer\":{\"@type\":\"Answer\",\"text\":\"<p>Soovime pakkuda v\\u00f5imalust puhata ja veeta t\\u00e4isv\\u00e4\\u00e4rtusliku kvaliteetaega iseenda, pere ja l\\u00e4hedastega.\\u00a0<\\\/p>\"}},{\"@type\":\"Question\",\"name\":\"Meie visioon\",\"acceptedAnswer\":{\"@type\":\"Answer\",\"text\":\"<p>Soovime kasvada edumeelseks ja keskkonnas\\u00f5bralikuks puhkekompleksiks, kus saab rutiinist v\\u00e4lja astuda ning olla koht, mille k\\u00fclastamine muutub seltskondadele ja peredele traditsiooniks.\\u00a0<\\\/p>\"}}]}<\/script>\n\t\t\t\t\t<\/div>\n\t\t\t\t\t\t<\/div>\n\t\t\t\t<\/div>\n\t\t\t\t\t<\/div>\n\t\t\t\t<\/div>\n\t\t\t\t\t<\/div>\n\t\t\t\t<\/div>\n\t\t<div class=\"has_ae_slider elementor-element elementor-element-91b280f e-flex e-con-boxed ae-bg-gallery-type-default e-con e-parent\" data-id=\"91b280f\" data-element_type=\"container\" data-e-type=\"container\">\n\t\t\t\t\t<div class=\"e-con-inner\">\n\t\t<div class=\"has_ae_slider elementor-element elementor-element-0132f2d e-flex e-con-boxed ae-bg-gallery-type-default e-con e-child\" data-id=\"0132f2d\" data-element_type=\"container\" data-e-type=\"container\">\n\t\t\t\t\t<div class=\"e-con-inner\">\n\t\t<div class=\"has_ae_slider elementor-element elementor-element-fad140d e-flex e-con-boxed ae-bg-gallery-type-default e-con e-child\" data-id=\"fad140d\" data-element_type=\"container\" data-e-type=\"container\">\n\t\t\t\t\t<div class=\"e-con-inner\">\n\t\t\t\t<div class=\"elementor-element elementor-element-ec046a2 elementor-widget elementor-widget-heading\" data-id=\"ec046a2\" data-element_type=\"widget\" data-e-type=\"widget\" data-widget_type=\"heading.default\">\n\t\t\t\t<div class=\"elementor-widget-container\">\n\t\t\t\t\t<h2 class=\"elementor-heading-title elementor-size-default\">Broneeri <\/h2>\t\t\t\t<\/div>\n\t\t\t\t<\/div>\n\t\t\t\t<div class=\"elementor-element elementor-element-97ab190 elementor-widget elementor-widget-heading\" data-id=\"97ab190\" data-element_type=\"widget\" data-e-type=\"widget\" data-widget_type=\"heading.default\">\n\t\t\t\t<div class=\"elementor-widget-container\">\n\t\t\t\t\t<h2 class=\"elementor-heading-title elementor-size-default\">Maja mahutab 2 t\u00e4iskasvanut ja \u00fche h\u00e4llilapse. <\/h2>\t\t\t\t<\/div>\n\t\t\t\t<\/div>\n\t\t\t\t<div class=\"elementor-element elementor-element-44df503 elementor-widget elementor-widget-text-editor\" data-id=\"44df503\" data-element_type=\"widget\" data-e-type=\"widget\" data-widget_type=\"text-editor.default\">\n\t\t\t\t<div class=\"elementor-widget-container\">\n\t\t\t\t\t\t\t\t\t<p>Vali endale sobivad kuup\u00e4evad ja alusta broneerimist. Meil on hetkel valikus 2 identset puumaja. Broneeringu kinnitamiseks tuleb maksta broneeringutasu koos k\u00e4sirahaga, mis kinnitab teie broneeringu. Broneeringust on v\u00f5imalik lahti \u00f6elda kuni 7 p\u00e4eva enne teie proneeringu algust.\u00a0<\/p>\t\t\t\t\t\t\t\t<\/div>\n\t\t\t\t<\/div>\n\t\t\t\t<div class=\"elementor-element elementor-element-6adfefb elementor-widget elementor-widget-button\" data-id=\"6adfefb\" data-element_type=\"widget\" data-e-type=\"widget\" data-widget_type=\"button.default\">\n\t\t\t\t<div class=\"elementor-widget-container\">\n\t\t\t\t\t\t\t\t\t<div class=\"elementor-button-wrapper\">\n\t\t\t\t\t<a class=\"elementor-button elementor-button-link elementor-size-sm\" href=\"https:\/\/lootvinahouses.ee\/toode\/puumaja-saunaga\/#broneeri\">\n\t\t\t\t\t\t<span class=\"elementor-button-content-wrapper\">\n\t\t\t\t\t\t\t\t\t<span class=\"elementor-button-text\">Broneeri siit<\/span>\n\t\t\t\t\t<\/span>\n\t\t\t\t\t<\/a>\n\t\t\t\t<\/div>\n\t\t\t\t\t\t\t\t<\/div>\n\t\t\t\t<\/div>\n\t\t\t\t\t<\/div>\n\t\t\t\t<\/div>\n\t\t\t\t\t<\/div>\n\t\t\t\t<\/div>\n\t\t\t\t\t<\/div>\n\t\t\t\t<\/div>\n\t\t<div class=\"has_ae_slider elementor-element elementor-element-4b54e77 e-flex e-con-boxed ae-bg-gallery-type-default e-con e-parent\" data-id=\"4b54e77\" data-element_type=\"container\" data-e-type=\"container\" data-settings=\"{&quot;background_background&quot;:&quot;classic&quot;}\">\n\t\t\t\t\t<div class=\"e-con-inner\">\n\t\t<div class=\"has_ae_slider elementor-element elementor-element-4c2dad6 e-flex e-con-boxed ae-bg-gallery-type-default e-con e-child\" data-id=\"4c2dad6\" data-element_type=\"container\" data-e-type=\"container\">\n\t\t\t\t\t<div class=\"e-con-inner\">\n\t\t<div class=\"has_ae_slider elementor-element elementor-element-9070e92 e-con-full e-flex ae-bg-gallery-type-default e-con e-child\" data-id=\"9070e92\" data-element_type=\"container\" data-e-type=\"container\">\n\t\t\t\t<div class=\"elementor-element elementor-element-8387c2b elementor-widget elementor-widget-heading\" data-id=\"8387c2b\" data-element_type=\"widget\" data-e-type=\"widget\" data-widget_type=\"heading.default\">\n\t\t\t\t<div class=\"elementor-widget-container\">\n\t\t\t\t\t<h2 class=\"elementor-heading-title elementor-size-default\">Unikaalne puhkuseelamus<\/h2>\t\t\t\t<\/div>\n\t\t\t\t<\/div>\n\t\t\t\t<div class=\"elementor-element elementor-element-762900c elementor-widget elementor-widget-text-editor\" data-id=\"762900c\" data-element_type=\"widget\" data-e-type=\"widget\" data-widget_type=\"text-editor.default\">\n\t\t\t\t<div class=\"elementor-widget-container\">\n\t\t\t\t\t\t\t\t\t<p>Lootvina Houses puhkemajad on t\u00f5eliselt unikaalsed ja erinevad tavap\u00e4rastest \u00f6\u00f6bimiskohtadest. Meie majad on ehitatud puude otsa, kust avanevad imelised vaated \u00fcmbritsevale loodusele.\u00a0<\/p><p>Soe puitmaja on hubane ja tekitab koduse tunde ka k\u00f5ige kaugemal k\u00e4inud ja k\u00f5ike n\u00e4inud reisisellis.\u00a0<\/p><p>Kuid pannes r\u00f5hku hubasusele ja loodusl\u00e4hedusele ei ole \u00e4ra unustatud ka t\u00e4nap\u00e4evaseid mugavusi millega me oleme harjunud elama &#8211; majas on olemas k\u00f5ik vajalik igap\u00e4evaelu sujumiseks. Meie puitmajad on lihtsasti ligip\u00e4\u00e4setavad ja sobivad nii perepuhkuseks, s\u00f5prusseltskondadele, paarkestele &#8211; k\u00f5igile.\u00a0<\/p><p>Puhka, l\u00f5\u00f5gastu, v\u00f5ta aeg maha, v\u00f5i vastupidi ole meeletult produktiivne &#8211; Treehouse Resorti puumajade maagia v\u00f5imaldab k\u00f5ike.\u00a0<\/p>\t\t\t\t\t\t\t\t<\/div>\n\t\t\t\t<\/div>\n\t\t\t\t<\/div>\n\t\t<div class=\"has_ae_slider elementor-element elementor-element-4494bd6 e-flex e-con-boxed ae-bg-gallery-type-default e-con e-child\" data-id=\"4494bd6\" data-element_type=\"container\" data-e-type=\"container\">\n\t\t\t\t\t<div class=\"e-con-inner\">\n\t\t\t\t<div class=\"elementor-element elementor-element-fe87ed9 elementor-widget elementor-widget-image\" data-id=\"fe87ed9\" data-element_type=\"widget\" data-e-type=\"widget\" data-widget_type=\"image.default\">\n\t\t\t\t<div class=\"elementor-widget-container\">\n\t\t\t\t\t\t\t\t\t\t\t\t\t\t\t<img decoding=\"async\" width=\"800\" height=\"534\" src=\"https:\/\/lootvinahouses.ee\/wp-content\/uploads\/2025\/07\/IMG_9039-1024x683.jpg\" class=\"attachment-large size-large wp-image-784\" alt=\"\" srcset=\"https:\/\/lootvinahouses.ee\/wp-content\/uploads\/2025\/07\/IMG_9039-1024x683.jpg 1024w, https:\/\/lootvinahouses.ee\/wp-content\/uploads\/2025\/07\/IMG_9039-300x200.jpg 300w, https:\/\/lootvinahouses.ee\/wp-content\/uploads\/2025\/07\/IMG_9039-768x512.jpg 768w, https:\/\/lootvinahouses.ee\/wp-content\/uploads\/2025\/07\/IMG_9039-600x400.jpg 600w, https:\/\/lootvinahouses.ee\/wp-content\/uploads\/2025\/07\/IMG_9039.jpg 1536w\" sizes=\"(max-width: 800px) 100vw, 800px\" \/>\t\t\t\t\t\t\t\t\t\t\t\t\t\t\t<\/div>\n\t\t\t\t<\/div>\n\t\t\t\t\t<\/div>\n\t\t\t\t<\/div>\n\t\t\t\t\t<\/div>\n\t\t\t\t<\/div>\n\t\t\t\t\t<\/div>\n\t\t\t\t<\/div>\n\t\t\t\t<\/div>\n\t\t","protected":false},"excerpt":{"rendered":"<p>Meist l\u00e4hemalt Lootvina Houses Loome maagilisi elamusi Lootvina Houses Lootvina Houses sai alguse unistusest ja lapsep\u00f5lvenostalgiast. T\u00e4naseks on meil valmis ehitatud \u00fcks t\u00e4nap\u00e4evane &#8220;puuonn&#8221; ning teine on valmimisel! Puuonn &#8211; kirjeldab meie majutust h\u00e4sti kuid tegelikult j\u00e4tab meie pingutustest natukene liiga v\u00e4ikese mulje, reaalsuses on tegu v\u00e4ga korralike puhkemajadega, kus on erinevalt puuonnist piisavalt ruumi [&hellip;]<\/p>\n","protected":false},"author":1,"featured_media":0,"parent":0,"menu_order":0,"comment_status":"closed","ping_status":"closed","template":"","meta":{"_acf_changed":false,"footnotes":""},"class_list":["post-198","page","type-page","status-publish","hentry"],"acf":[],"_links":{"self":[{"href":"https:\/\/lootvinahouses.ee\/en\/wp-json\/wp\/v2\/pages\/198","targetHints":{"allow":["GET"]}}],"collection":[{"href":"https:\/\/lootvinahouses.ee\/en\/wp-json\/wp\/v2\/pages"}],"about":[{"href":"https:\/\/lootvinahouses.ee\/en\/wp-json\/wp\/v2\/types\/page"}],"author":[{"embeddable":true,"href":"https:\/\/lootvinahouses.ee\/en\/wp-json\/wp\/v2\/users\/1"}],"replies":[{"embeddable":true,"href":"https:\/\/lootvinahouses.ee\/en\/wp-json\/wp\/v2\/comments?post=198"}],"version-history":[{"count":43,"href":"https:\/\/lootvinahouses.ee\/en\/wp-json\/wp\/v2\/pages\/198\/revisions"}],"predecessor-version":[{"id":813,"href":"https:\/\/lootvinahouses.ee\/en\/wp-json\/wp\/v2\/pages\/198\/revisions\/813"}],"wp:attachment":[{"href":"https:\/\/lootvinahouses.ee\/en\/wp-json\/wp\/v2\/media?parent=198"}],"curies":[{"name":"wp","href":"https:\/\/api.w.org\/{rel}","templated":true}]}}