{"id":366,"date":"2023-11-16T14:19:39","date_gmt":"2023-11-16T14:19:39","guid":{"rendered":"https:\/\/lootvinahouses.ee\/ostukorv\/"},"modified":"2023-11-27T10:53:15","modified_gmt":"2023-11-27T10:53:15","slug":"ostukorv","status":"publish","type":"page","link":"https:\/\/lootvinahouses.ee\/en\/ostukorv\/","title":{"rendered":"Ostukorv"},"content":{"rendered":"<div data-elementor-type=\"wp-page\" data-elementor-id=\"366\" class=\"elementor elementor-366\" data-elementor-post-type=\"page\">\n\t\t\t\t<div class=\"has_ae_slider elementor-element elementor-element-54e0263b e-flex e-con-boxed ae-bg-gallery-type-default e-con e-parent\" data-id=\"54e0263b\" data-element_type=\"container\" data-e-type=\"container\">\n\t\t\t\t\t<div class=\"e-con-inner\">\n\t\t\t\t<div class=\"elementor-element elementor-element-0a7851a elementor-widget elementor-widget-heading\" data-id=\"0a7851a\" data-element_type=\"widget\" data-e-type=\"widget\" data-widget_type=\"heading.default\">\n\t\t\t\t<div class=\"elementor-widget-container\">\n\t\t\t\t\t<h2 class=\"elementor-heading-title elementor-size-default\">Booking info<\/h2>\t\t\t\t<\/div>\n\t\t\t\t<\/div>\n\t\t\t\t\t<\/div>\n\t\t\t\t<\/div>\n\t\t\t\t<\/div>","protected":false},"excerpt":{"rendered":"<p>Broneeringu info Eemalda Thumbnail image Toode Hind Kogus Vahesumma &times; Puumaja saunaga Alates: november 30, 2023 Kuni: detsember 3, 2023 Kestus: 3 p\u00e4eva T\u00e4isakasvanud: 2 Lisateenused: Hommikus\u00f6\u00f6k (kord \u00fchele inimesele) (x 4), L\u00f5unas\u00f6\u00f6k (kord \u00fchele inimesele) (x 4), \u00d5htus\u00f6\u00f6k (kord \u00fchele inimesele) (x 4) 500,00&nbsp;&euro; Puumaja saunaga kogus 500,00&nbsp;&euro; Kasuta kupongi Koondvaade Vahesumma 500,00&nbsp;&euro; Kokku [&hellip;]<\/p>\n","protected":false},"author":1,"featured_media":0,"parent":0,"menu_order":0,"comment_status":"closed","ping_status":"closed","template":"","meta":{"_acf_changed":false,"footnotes":""},"class_list":["post-366","page","type-page","status-publish","hentry"],"acf":[],"_links":{"self":[{"href":"https:\/\/lootvinahouses.ee\/en\/wp-json\/wp\/v2\/pages\/366","targetHints":{"allow":["GET"]}}],"collection":[{"href":"https:\/\/lootvinahouses.ee\/en\/wp-json\/wp\/v2\/pages"}],"about":[{"href":"https:\/\/lootvinahouses.ee\/en\/wp-json\/wp\/v2\/types\/page"}],"author":[{"embeddable":true,"href":"https:\/\/lootvinahouses.ee\/en\/wp-json\/wp\/v2\/users\/1"}],"replies":[{"embeddable":true,"href":"https:\/\/lootvinahouses.ee\/en\/wp-json\/wp\/v2\/comments?post=366"}],"version-history":[{"count":9,"href":"https:\/\/lootvinahouses.ee\/en\/wp-json\/wp\/v2\/pages\/366\/revisions"}],"predecessor-version":[{"id":498,"href":"https:\/\/lootvinahouses.ee\/en\/wp-json\/wp\/v2\/pages\/366\/revisions\/498"}],"wp:attachment":[{"href":"https:\/\/lootvinahouses.ee\/en\/wp-json\/wp\/v2\/media?parent=366"}],"curies":[{"name":"wp","href":"https:\/\/api.w.org\/{rel}","templated":true}]}}