{"id":825,"date":"2025-07-16T08:15:01","date_gmt":"2025-07-16T08:15:01","guid":{"rendered":"https:\/\/lootvinahouses.ee\/?page_id=825"},"modified":"2025-07-16T08:24:59","modified_gmt":"2025-07-16T08:24:59","slug":"privaatsuspoliitika","status":"publish","type":"page","link":"https:\/\/lootvinahouses.ee\/en\/privaatsuspoliitika\/","title":{"rendered":"Privacy policy"},"content":{"rendered":"<div data-elementor-type=\"wp-page\" data-elementor-id=\"825\" class=\"elementor elementor-825\" data-elementor-post-type=\"page\">\n\t\t\t\t<div class=\"has_ae_slider elementor-element elementor-element-9bc84c3 e-flex e-con-boxed ae-bg-gallery-type-default e-con e-parent\" data-id=\"9bc84c3\" data-element_type=\"container\" data-e-type=\"container\" data-settings=\"{&quot;background_background&quot;:&quot;classic&quot;}\">\n\t\t\t\t\t<div class=\"e-con-inner\">\n\t\t\t\t<div class=\"elementor-element elementor-element-588a442 elementor-widget elementor-widget-heading\" data-id=\"588a442\" data-element_type=\"widget\" data-e-type=\"widget\" data-widget_type=\"heading.default\">\n\t\t\t\t<div class=\"elementor-widget-container\">\n\t\t\t\t\t<h2 class=\"elementor-heading-title elementor-size-default\">Privacy policy<\/h2>\t\t\t\t<\/div>\n\t\t\t\t<\/div>\n\t\t\t\t<div class=\"elementor-element elementor-element-c132f80 elementor-icon-list--layout-inline elementor-list-item-link-full_width elementor-widget elementor-widget-icon-list\" data-id=\"c132f80\" data-element_type=\"widget\" data-e-type=\"widget\" data-widget_type=\"icon-list.default\">\n\t\t\t\t<div class=\"elementor-widget-container\">\n\t\t\t\t\t\t\t<ul class=\"elementor-icon-list-items elementor-inline-items\">\n\t\t\t\t\t\t\t<li class=\"elementor-icon-list-item elementor-inline-item\">\n\t\t\t\t\t\t\t\t\t\t\t<a href=\"https:\/\/lootvinahouses.ee\/en\">\n\n\t\t\t\t\t\t\t\t\t\t\t<span class=\"elementor-icon-list-text\">Treehouseresort<\/span>\n\t\t\t\t\t\t\t\t\t\t\t<\/a>\n\t\t\t\t\t\t\t\t\t<\/li>\n\t\t\t\t\t\t\t\t<li class=\"elementor-icon-list-item elementor-inline-item\">\n\t\t\t\t\t\t\t\t\t\t\t<span class=\"elementor-icon-list-icon\">\n\t\t\t\t\t\t\t<i aria-hidden=\"true\" class=\"fas fa-angle-right\"><\/i>\t\t\t\t\t\t<\/span>\n\t\t\t\t\t\t\t\t\t\t<span class=\"elementor-icon-list-text\">Privacy policy<\/span>\n\t\t\t\t\t\t\t\t\t<\/li>\n\t\t\t\t\t\t<\/ul>\n\t\t\t\t\t\t<\/div>\n\t\t\t\t<\/div>\n\t\t\t\t\t<\/div>\n\t\t\t\t<\/div>\n\t\t<div class=\"has_ae_slider elementor-element elementor-element-90dc2e3 e-flex e-con-boxed ae-bg-gallery-type-default e-con e-parent\" data-id=\"90dc2e3\" data-element_type=\"container\" data-e-type=\"container\">\n\t\t\t\t\t<div class=\"e-con-inner\">\n\t\t<div class=\"has_ae_slider elementor-element elementor-element-ee9298e e-flex e-con-boxed ae-bg-gallery-type-default e-con e-child\" data-id=\"ee9298e\" data-element_type=\"container\" data-e-type=\"container\">\n\t\t\t\t\t<div class=\"e-con-inner\">\n\t\t<div class=\"has_ae_slider elementor-element elementor-element-dad4fb4 e-flex e-con-boxed ae-bg-gallery-type-default e-con e-child\" data-id=\"dad4fb4\" data-element_type=\"container\" data-e-type=\"container\">\n\t\t\t\t\t<div class=\"e-con-inner\">\n\t\t\t\t<div class=\"elementor-element elementor-element-3a82fe1 elementor-widget elementor-widget-heading\" data-id=\"3a82fe1\" data-element_type=\"widget\" data-e-type=\"widget\" data-widget_type=\"heading.default\">\n\t\t\t\t<div class=\"elementor-widget-container\">\n\t\t\t\t\t<h2 class=\"elementor-heading-title elementor-size-default\">Privacy policy<\/h2>\t\t\t\t<\/div>\n\t\t\t\t<\/div>\n\t\t\t\t<div class=\"elementor-element elementor-element-0f8f43d elementor-widget elementor-widget-heading\" data-id=\"0f8f43d\" data-element_type=\"widget\" data-e-type=\"widget\" data-widget_type=\"heading.default\">\n\t\t\t\t<div class=\"elementor-widget-container\">\n\t\t\t\t\t<h2 class=\"elementor-heading-title elementor-size-default\">General settings<\/h2>\t\t\t\t<\/div>\n\t\t\t\t<\/div>\n\t\t\t\t<div class=\"elementor-element elementor-element-cba36ff elementor-widget elementor-widget-text-editor\" data-id=\"cba36ff\" data-element_type=\"widget\" data-e-type=\"widget\" data-widget_type=\"text-editor.default\">\n\t\t\t\t<div class=\"elementor-widget-container\">\n\t\t\t\t\t\t\t\t\t<p>Lootvina Houses values the privacy of its visitors and protects your personal information in accordance with applicable data protection requirements.<\/p>\t\t\t\t\t\t\t\t<\/div>\n\t\t\t\t<\/div>\n\t\t\t\t\t<\/div>\n\t\t\t\t<\/div>\n\t\t\t\t\t<\/div>\n\t\t\t\t<\/div>\n\t\t\t\t\t<\/div>\n\t\t\t\t<\/div>\n\t\t<div class=\"has_ae_slider elementor-element elementor-element-341c2f0 kjuhend e-flex e-con-boxed ae-bg-gallery-type-default e-con e-parent\" data-id=\"341c2f0\" data-element_type=\"container\" data-e-type=\"container\" data-settings=\"{&quot;background_background&quot;:&quot;classic&quot;}\">\n\t\t\t\t\t<div class=\"e-con-inner\">\n\t\t<div class=\"has_ae_slider elementor-element elementor-element-11c657a e-flex e-con-boxed ae-bg-gallery-type-default e-con e-child\" data-id=\"11c657a\" data-element_type=\"container\" data-e-type=\"container\">\n\t\t\t\t\t<div class=\"e-con-inner\">\n\t\t<div class=\"has_ae_slider elementor-element elementor-element-1b20567 e-con-full e-flex ae-bg-gallery-type-default e-con e-child\" data-id=\"1b20567\" data-element_type=\"container\" data-e-type=\"container\">\n\t\t\t\t<div class=\"elementor-element elementor-element-f0fa1bf elementor-widget elementor-widget-heading\" data-id=\"f0fa1bf\" data-element_type=\"widget\" data-e-type=\"widget\" data-widget_type=\"heading.default\">\n\t\t\t\t<div class=\"elementor-widget-container\">\n\t\t\t\t\t<h2 class=\"elementor-heading-title elementor-size-default\">What data do we collect?<\/h2>\t\t\t\t<\/div>\n\t\t\t\t<\/div>\n\t\t\t\t<div class=\"elementor-element elementor-element-d703ce7 elementor-widget elementor-widget-text-editor\" data-id=\"d703ce7\" data-element_type=\"widget\" data-e-type=\"widget\" data-widget_type=\"text-editor.default\">\n\t\t\t\t<div class=\"elementor-widget-container\">\n\t\t\t\t\t\t\t\t\t<p><strong>We may collect the following information when you make a booking or enquiry:<\/strong><\/p><ul><li>First name and surname<\/li><li>E-mail address<\/li><li>Phone number<\/li><li>Booking details (dates, accommodation options, etc.)<\/li><li style=\"list-style-type: none;\">\u00a0<\/li><\/ul>\t\t\t\t\t\t\t\t<\/div>\n\t\t\t\t<\/div>\n\t\t\t\t<div class=\"elementor-element elementor-element-cf4cc7d elementor-widget elementor-widget-heading\" data-id=\"cf4cc7d\" data-element_type=\"widget\" data-e-type=\"widget\" data-widget_type=\"heading.default\">\n\t\t\t\t<div class=\"elementor-widget-container\">\n\t\t\t\t\t<h2 class=\"elementor-heading-title elementor-size-default\">What do we use the data for?<\/h2>\t\t\t\t<\/div>\n\t\t\t\t<\/div>\n\t\t\t\t<div class=\"elementor-element elementor-element-f05205d elementor-widget elementor-widget-text-editor\" data-id=\"f05205d\" data-element_type=\"widget\" data-e-type=\"widget\" data-widget_type=\"text-editor.default\">\n\t\t\t\t<div class=\"elementor-widget-container\">\n\t\t\t\t\t\t\t\t\t<ul><li>Manage and confirm reservations<\/li><li>To answer questions<\/li><li>Improving the quality of services<\/li><li>Where necessary to comply with legal obligations<\/li><\/ul>\t\t\t\t\t\t\t\t<\/div>\n\t\t\t\t<\/div>\n\t\t\t\t<div class=\"elementor-element elementor-element-02fb307 elementor-widget elementor-widget-heading\" data-id=\"02fb307\" data-element_type=\"widget\" data-e-type=\"widget\" data-widget_type=\"heading.default\">\n\t\t\t\t<div class=\"elementor-widget-container\">\n\t\t\t\t\t<h2 class=\"elementor-heading-title elementor-size-default\">Data retention and security<\/h2>\t\t\t\t<\/div>\n\t\t\t\t<\/div>\n\t\t\t\t<div class=\"elementor-element elementor-element-a565b8a elementor-widget elementor-widget-text-editor\" data-id=\"a565b8a\" data-element_type=\"widget\" data-e-type=\"widget\" data-widget_type=\"text-editor.default\">\n\t\t\t\t<div class=\"elementor-widget-container\">\n\t\t\t\t\t\t\t\t\t<p>Your data will only be kept for as long as necessary to fulfil the above purposes. We use security measures to protect your data from unauthorised access.<\/p><p>Personal data necessary for accounting purposes are kept for seven years.<\/p>\t\t\t\t\t\t\t\t<\/div>\n\t\t\t\t<\/div>\n\t\t\t\t<div class=\"elementor-element elementor-element-3444392 elementor-widget elementor-widget-heading\" data-id=\"3444392\" data-element_type=\"widget\" data-e-type=\"widget\" data-widget_type=\"heading.default\">\n\t\t\t\t<div class=\"elementor-widget-container\">\n\t\t\t\t\t<h2 class=\"elementor-heading-title elementor-size-default\">Sharing data<\/h2>\t\t\t\t<\/div>\n\t\t\t\t<\/div>\n\t\t\t\t<div class=\"elementor-element elementor-element-10529d0 elementor-widget elementor-widget-text-editor\" data-id=\"10529d0\" data-element_type=\"widget\" data-e-type=\"widget\" data-widget_type=\"text-editor.default\">\n\t\t\t\t<div class=\"elementor-widget-container\">\n\t\t\t\t\t\t\t\t\t<p>We do not share your personal information with third parties, except to comply with a legal obligation or to provide a technical service (e.g. a reservation system administrator, who also has a duty to protect data). In order to provide the payment service, your personal data will be requested by Montonio Finance AS for the performance of the contract. Montonio Finance AS is the co-processor of these data.<\/p>\t\t\t\t\t\t\t\t<\/div>\n\t\t\t\t<\/div>\n\t\t\t\t<div class=\"elementor-element elementor-element-a3db590 elementor-widget elementor-widget-heading\" data-id=\"a3db590\" data-element_type=\"widget\" data-e-type=\"widget\" data-widget_type=\"heading.default\">\n\t\t\t\t<div class=\"elementor-widget-container\">\n\t\t\t\t\t<h2 class=\"elementor-heading-title elementor-size-default\">Your rights<\/h2>\t\t\t\t<\/div>\n\t\t\t\t<\/div>\n\t\t\t\t<div class=\"elementor-element elementor-element-6224b5a elementor-widget elementor-widget-text-editor\" data-id=\"6224b5a\" data-element_type=\"widget\" data-e-type=\"widget\" data-widget_type=\"text-editor.default\">\n\t\t\t\t<div class=\"elementor-widget-container\">\n\t\t\t\t\t\t\t\t\t<p>You are right:<\/p><ul><li>Know what data we keep about you<\/li><li>Request correction or deletion of data<\/li><li>Withdraw consent (e.g. sending marketing material)<\/li><\/ul>\t\t\t\t\t\t\t\t<\/div>\n\t\t\t\t<\/div>\n\t\t\t\t<div class=\"elementor-element elementor-element-7c118f7 elementor-widget elementor-widget-heading\" data-id=\"7c118f7\" data-element_type=\"widget\" data-e-type=\"widget\" data-widget_type=\"heading.default\">\n\t\t\t\t<div class=\"elementor-widget-container\">\n\t\t\t\t\t<h2 class=\"elementor-heading-title elementor-size-default\">Cookies<\/h2>\t\t\t\t<\/div>\n\t\t\t\t<\/div>\n\t\t\t\t<div class=\"elementor-element elementor-element-1d39180 elementor-widget elementor-widget-text-editor\" data-id=\"1d39180\" data-element_type=\"widget\" data-e-type=\"widget\" data-widget_type=\"text-editor.default\">\n\t\t\t\t<div class=\"elementor-widget-container\">\n\t\t\t\t\t\t\t\t\t<ul><li><p>Like most websites, our website uses \"cookies\". A cookie is essentially a text file that is stored on the user's device when visiting a website. Cookies are used to set and store preferences, regional settings, service usage options, etc. Cookies are used to set and store a user's preferences.<\/p><p>If you wish, you can disable the use of cookies in your browser settings, but in this case the service you receive may be disrupted.<\/p><p>Cookies are divided into permanent and session cookies. Persistent cookies remain on your PC or mobile device even after you close your browser or computer. Session cookies, on the other hand, are deleted as soon as you close your browser.<\/p><p>Cookies are divided according to their purpose:<\/p><p><strong>The necessary cookies.<\/strong>\u00a0Session cookies, the purpose of which is to enable you to use the services offered on our website. These cookies help to authenticate users and prevent malicious use of user accounts. Without these cookies, we will not be able to provide you with the services you request.<\/p><p><strong>Notification cookies.<\/strong>\u00a0These cookies identify whether users have accepted the use of cookies on the website.<\/p><p><strong>Functionality cookies.<\/strong>\u00a0These cookies allow your browser to remember choices you make when you use the website, such as storing your login details or language preferences. The purpose of these cookies is to provide you with a more personalised experience and to prevent you from re-entering your preferences.<\/p><\/li><\/ul>\t\t\t\t\t\t\t\t<\/div>\n\t\t\t\t<\/div>\n\t\t\t\t<\/div>\n\t\t\t\t\t<\/div>\n\t\t\t\t<\/div>\n\t\t\t\t\t<\/div>\n\t\t\t\t<\/div>\n\t\t\t\t<\/div>","protected":false},"excerpt":{"rendered":"<p>Privaatsuspoliitika Treehouseresort Privaatsuspoliitika \u00dcldseaded Lootvina Houses v\u00e4\u00e4rtustab oma k\u00fclastajate privaatsust ja kaitseb teie isikuandmeid vastavalt kehtivatele andmekaitsen\u00f5uetele. Milliseid andmeid kogume? Broneerimise v\u00f5i p\u00e4ringu esitamise k\u00e4igus v\u00f5ime koguda j\u00e4rgmisi andmeid: Ees- ja perekonnanimi E-posti aadress Telefoninumber Broneeringu \u00fcksikasjad (kuup\u00e4evad, majutusvalik jne) \u00a0 Milleks me andmeid kasutame? Broneeringute haldamiseks ja kinnitamiseks K\u00fcsimustele vastamiseks Teenuste kvaliteedi parandamiseks Vajadusel [&hellip;]<\/p>\n","protected":false},"author":1,"featured_media":0,"parent":0,"menu_order":0,"comment_status":"closed","ping_status":"closed","template":"","meta":{"_acf_changed":false,"footnotes":""},"class_list":["post-825","page","type-page","status-publish","hentry"],"acf":[],"_links":{"self":[{"href":"https:\/\/lootvinahouses.ee\/en\/wp-json\/wp\/v2\/pages\/825","targetHints":{"allow":["GET"]}}],"collection":[{"href":"https:\/\/lootvinahouses.ee\/en\/wp-json\/wp\/v2\/pages"}],"about":[{"href":"https:\/\/lootvinahouses.ee\/en\/wp-json\/wp\/v2\/types\/page"}],"author":[{"embeddable":true,"href":"https:\/\/lootvinahouses.ee\/en\/wp-json\/wp\/v2\/users\/1"}],"replies":[{"embeddable":true,"href":"https:\/\/lootvinahouses.ee\/en\/wp-json\/wp\/v2\/comments?post=825"}],"version-history":[{"count":7,"href":"https:\/\/lootvinahouses.ee\/en\/wp-json\/wp\/v2\/pages\/825\/revisions"}],"predecessor-version":[{"id":836,"href":"https:\/\/lootvinahouses.ee\/en\/wp-json\/wp\/v2\/pages\/825\/revisions\/836"}],"wp:attachment":[{"href":"https:\/\/lootvinahouses.ee\/en\/wp-json\/wp\/v2\/media?parent=825"}],"curies":[{"name":"wp","href":"https:\/\/api.w.org\/{rel}","templated":true}]}}