{"id":1222,"date":"2025-10-03T11:35:54","date_gmt":"2025-10-03T11:35:54","guid":{"rendered":"https:\/\/lootvinahouses.ee\/?post_type=product&#038;p=1222"},"modified":"2026-04-27T07:53:23","modified_gmt":"2026-04-27T07:53:23","slug":"romantika-pakett","status":"publish","type":"product","link":"https:\/\/lootvinahouses.ee\/en\/product\/romantika-pakett\/","title":{"rendered":"ROMANCE PACKAGE"},"content":{"rendered":"<h4 data-start=\"51\" data-end=\"199\">Escape from the everyday and create a memorable moment with your loved one in our magical Lootvina House of Mirrors.<\/h4>\n<p data-start=\"51\" data-end=\"199\">A romantic and cosy cottage in the middle of nature awaits you, where time stands still and the stars shine for you alone.<\/p>\n<p data-start=\"51\" data-end=\"199\">The package includes a beautiful romantic atmosphere (candles, rose petals), a delicious welcome bubble, an appetizing selection of cheeses and all the ingredients to prepare a hearty breakfast!<\/p>\n<p data-start=\"201\" data-end=\"309\">If you would like to add your own personal touch to the experience, let us know at info@lootvinahouses.ee - we'll be happy to help make any special requests a reality!<\/p>\n<p data-start=\"311\" data-end=\"373\">","protected":false},"excerpt":{"rendered":"<p>P\u00f5gene argip\u00e4evast ja loo oma kallimaga meeldej\u00e4\u00e4v hetk meie maagilises Lootvina Houses peegelmajas. Sind ootab romantiline ja hubane majake keset loodust, kus aeg seisab ja t\u00e4htede s\u00e4ra on vaid teie p\u00e4ralt. Pakett sisaldab kaunist romantilist atmosf\u00e4\u00e4ri (k\u00fc\u00fcnlad, roosilehed), h\u00f5rku tervitusmulli, isu\u00e4ratavat juustuvalikut ja k\u00f5iki koostisosi, et valmistada rikkalik hommikus\u00f6\u00f6k! Kui soovid elamusele lisada oma isikliku [&hellip;]<\/p>\n","protected":false},"featured_media":1214,"comment_status":"closed","ping_status":"closed","template":"","meta":{"_acf_changed":false},"product_brand":[],"product_cat":[25],"product_tag":[],"giftcard-category":[],"class_list":{"0":"post-1222","1":"product","2":"type-product","3":"status-publish","4":"has-post-thumbnail","6":"product_cat-peegelmajad","8":"first","9":"instock","10":"featured","11":"virtual","12":"sold-individually","13":"purchasable","14":"product-type-booking","15":"kntkt-cat25","16":"kntkt-no-mh"},"acf":[],"_links":{"self":[{"href":"https:\/\/lootvinahouses.ee\/en\/wp-json\/wp\/v2\/product\/1222","targetHints":{"allow":["GET"]}}],"collection":[{"href":"https:\/\/lootvinahouses.ee\/en\/wp-json\/wp\/v2\/product"}],"about":[{"href":"https:\/\/lootvinahouses.ee\/en\/wp-json\/wp\/v2\/types\/product"}],"replies":[{"embeddable":true,"href":"https:\/\/lootvinahouses.ee\/en\/wp-json\/wp\/v2\/comments?post=1222"}],"wp:featuredmedia":[{"embeddable":true,"href":"https:\/\/lootvinahouses.ee\/en\/wp-json\/wp\/v2\/media\/1214"}],"wp:attachment":[{"href":"https:\/\/lootvinahouses.ee\/en\/wp-json\/wp\/v2\/media?parent=1222"}],"wp:term":[{"taxonomy":"product_brand","embeddable":true,"href":"https:\/\/lootvinahouses.ee\/en\/wp-json\/wp\/v2\/product_brand?post=1222"},{"taxonomy":"product_cat","embeddable":true,"href":"https:\/\/lootvinahouses.ee\/en\/wp-json\/wp\/v2\/product_cat?post=1222"},{"taxonomy":"product_tag","embeddable":true,"href":"https:\/\/lootvinahouses.ee\/en\/wp-json\/wp\/v2\/product_tag?post=1222"},{"taxonomy":"giftcard-category","embeddable":true,"href":"https:\/\/lootvinahouses.ee\/en\/wp-json\/wp\/v2\/giftcard-category?post=1222"}],"curies":[{"name":"wp","href":"https:\/\/api.w.org\/{rel}","templated":true}]}}