{"id":1438,"date":"2025-12-09T08:54:51","date_gmt":"2025-12-09T08:54:51","guid":{"rendered":"https:\/\/lootvinahouses.ee\/?post_type=product&#038;p=1438"},"modified":"2026-04-27T07:52:52","modified_gmt":"2026-04-27T07:52:52","slug":"saunafanni-pakett","status":"publish","type":"product","link":"https:\/\/lootvinahouses.ee\/en\/product\/saunafanni-pakett\/","title":{"rendered":"SAUNA PACKAGE"},"content":{"rendered":"<p data-start=\"140\" data-end=\"269\">Although the sauna is part of every night in the Lootvina House of Mirrors, the... <strong data-start=\"201\" data-end=\"222\">Sauna Sauna package<\/strong> is for those who want to get the most out of their sauna.<\/p>\n<p data-start=\"271\" data-end=\"464\">This package is designed for the real sauna spirits - those who appreciate ritual, relaxation and the little touches. You concentrate on the hot stage and the good feeling, we'll take care of the rest.<\/p>\n<p data-start=\"466\" data-end=\"497\"><strong data-start=\"466\" data-end=\"497\">The Sauna Fan package includes:<\/strong><\/p>\n<ul data-start=\"498\" data-end=\"739\">\n<li data-start=\"498\" data-end=\"547\">\n<p data-start=\"500\" data-end=\"547\">traditional wax for an authentic sauna experience<\/p>\n<\/li>\n<li data-start=\"548\" data-end=\"590\">\n<p data-start=\"550\" data-end=\"590\">bath salts to invigorate the body<\/p>\n<\/li>\n<li data-start=\"591\" data-end=\"632\">\n<p data-start=\"593\" data-end=\"632\">a selection of sauna aromas to stimulate the senses<\/p>\n<\/li>\n<li data-start=\"687\" data-end=\"715\">\n<p data-start=\"689\" data-end=\"715\">refreshing sauna drinks<\/p>\n<\/li>\n<li data-start=\"687\" data-end=\"715\">delicious sauna snacks<\/li>\n<\/ul>\n<p data-start=\"311\" data-end=\"373\">","protected":false},"excerpt":{"rendered":"<p>Kuigi saun kuulub Lootvina Houses peegelmajas k\u00f5ikide \u00f6\u00f6de juurde, siis Saunaf\u00e4nni pakett on neile, kes tahavad saunast v\u00f5tta maksimumi. See pakett on loodud p\u00e4ris saunahingedele \u2013 neile, kes hindavad rituaali, l\u00f5\u00f5gastust ja v\u00e4ikseid m\u00f5nusaid detaile. Sina keskendud kuumale lavale ja heale tundele, meie hoolitseme \u00fclej\u00e4\u00e4nu eest. Saunaf\u00e4nni pakett sisaldab: traditsiooniline viht ehtsaks saunakogemuseks saunasool keha [&hellip;]<\/p>\n","protected":false},"featured_media":1072,"comment_status":"closed","ping_status":"closed","template":"","meta":{"_acf_changed":false},"product_brand":[],"product_cat":[25],"product_tag":[],"giftcard-category":[],"class_list":{"0":"post-1438","1":"product","2":"type-product","3":"status-publish","4":"has-post-thumbnail","6":"product_cat-peegelmajad","8":"first","9":"instock","10":"featured","11":"virtual","12":"sold-individually","13":"purchasable","14":"product-type-booking","15":"kntkt-cat25","16":"kntkt-no-mh"},"acf":[],"_links":{"self":[{"href":"https:\/\/lootvinahouses.ee\/en\/wp-json\/wp\/v2\/product\/1438","targetHints":{"allow":["GET"]}}],"collection":[{"href":"https:\/\/lootvinahouses.ee\/en\/wp-json\/wp\/v2\/product"}],"about":[{"href":"https:\/\/lootvinahouses.ee\/en\/wp-json\/wp\/v2\/types\/product"}],"replies":[{"embeddable":true,"href":"https:\/\/lootvinahouses.ee\/en\/wp-json\/wp\/v2\/comments?post=1438"}],"wp:featuredmedia":[{"embeddable":true,"href":"https:\/\/lootvinahouses.ee\/en\/wp-json\/wp\/v2\/media\/1072"}],"wp:attachment":[{"href":"https:\/\/lootvinahouses.ee\/en\/wp-json\/wp\/v2\/media?parent=1438"}],"wp:term":[{"taxonomy":"product_brand","embeddable":true,"href":"https:\/\/lootvinahouses.ee\/en\/wp-json\/wp\/v2\/product_brand?post=1438"},{"taxonomy":"product_cat","embeddable":true,"href":"https:\/\/lootvinahouses.ee\/en\/wp-json\/wp\/v2\/product_cat?post=1438"},{"taxonomy":"product_tag","embeddable":true,"href":"https:\/\/lootvinahouses.ee\/en\/wp-json\/wp\/v2\/product_tag?post=1438"},{"taxonomy":"giftcard-category","embeddable":true,"href":"https:\/\/lootvinahouses.ee\/en\/wp-json\/wp\/v2\/giftcard-category?post=1438"}],"curies":[{"name":"wp","href":"https:\/\/api.w.org\/{rel}","templated":true}]}}