{"id":598,"date":"2025-03-11T12:58:04","date_gmt":"2025-03-11T12:58:04","guid":{"rendered":"https:\/\/lootvinahouses.ee\/?post_type=product&#038;p=598"},"modified":"2026-04-27T07:53:49","modified_gmt":"2026-04-27T07:53:49","slug":"lootvina-houses-peegelmaja-karu","status":"publish","type":"product","link":"https:\/\/lootvinahouses.ee\/en\/product\/lootvina-houses-peegelmaja-karu\/","title":{"rendered":"Lootvina Houses mirror house \"KARU\""},"content":{"rendered":"<p>Luxurious mirror house complex in a tree - an unforgettable experience 6 metres above the ground!<\/p>\n<p>Step into nature and enjoy exceptional accommodation in a luxurious mirror house complex built 6 metres above the trees. Strong trees connect and support the entire platform, creating a unique and solid base for an experience floating in the air.<\/p>\n<p>The complex also includes a special bonus - a fully-equipped sauna, also located at the top of a tree, offering relaxation in a whole new dimension.<\/p>\n<p>Conveniences such as a fully equipped kitchen, smart TV and high-speed WiFi ensure you don't have to give up any modern comforts in the forest. Perfect for a romantic getaway, a special gift or just an escape from everyday life.<\/p>","protected":false},"excerpt":{"rendered":"<p>Luksuslik peegelmaja kompleks puu otsas\u00a0 \u2013 unustamatu elamus 6 meetri k\u00f5rgusel! Astuge looduse r\u00fcppe ja nautige erakordset majutust luksuslikus peegelmaja kompleksis, mis on ehitatud 6 meetri k\u00f5rgusele puude otsa. Tugevad puud \u00fchendavad ja kannavad kogu platvormi, luues ainulaadse ja kindla aluse \u00f5hus h\u00f5ljuvale elamusele. Kompleksi kuulub ka eriline boonus \u2013 t\u00e4isvarustuses saun, mis asub samuti [&hellip;]<\/p>\n","protected":false},"featured_media":784,"comment_status":"open","ping_status":"closed","template":"","meta":{"_acf_changed":false},"product_brand":[],"product_cat":[25],"product_tag":[],"giftcard-category":[],"class_list":{"0":"post-598","1":"product","2":"type-product","3":"status-publish","4":"has-post-thumbnail","6":"product_cat-peegelmajad","7":"yith_booking_service-juustuvaagen","8":"yith_booking_service-prosecco","9":"yith_booking_service-punane-vein","10":"yith_booking_service-romantiline-atmosfaar-saabumisel-roosilehed-kuunlad-laternad","11":"yith_booking_service-snakivaagen-juustu-ja-lihavalik","12":"yith_booking_service-valge-vein","14":"first","15":"instock","16":"virtual","17":"sold-individually","18":"purchasable","19":"product-type-booking","20":"kntkt-cat25","21":"kntkt-no-mh"},"acf":[],"_links":{"self":[{"href":"https:\/\/lootvinahouses.ee\/en\/wp-json\/wp\/v2\/product\/598","targetHints":{"allow":["GET"]}}],"collection":[{"href":"https:\/\/lootvinahouses.ee\/en\/wp-json\/wp\/v2\/product"}],"about":[{"href":"https:\/\/lootvinahouses.ee\/en\/wp-json\/wp\/v2\/types\/product"}],"replies":[{"embeddable":true,"href":"https:\/\/lootvinahouses.ee\/en\/wp-json\/wp\/v2\/comments?post=598"}],"wp:featuredmedia":[{"embeddable":true,"href":"https:\/\/lootvinahouses.ee\/en\/wp-json\/wp\/v2\/media\/784"}],"wp:attachment":[{"href":"https:\/\/lootvinahouses.ee\/en\/wp-json\/wp\/v2\/media?parent=598"}],"wp:term":[{"taxonomy":"product_brand","embeddable":true,"href":"https:\/\/lootvinahouses.ee\/en\/wp-json\/wp\/v2\/product_brand?post=598"},{"taxonomy":"product_cat","embeddable":true,"href":"https:\/\/lootvinahouses.ee\/en\/wp-json\/wp\/v2\/product_cat?post=598"},{"taxonomy":"product_tag","embeddable":true,"href":"https:\/\/lootvinahouses.ee\/en\/wp-json\/wp\/v2\/product_tag?post=598"},{"taxonomy":"giftcard-category","embeddable":true,"href":"https:\/\/lootvinahouses.ee\/en\/wp-json\/wp\/v2\/giftcard-category?post=598"}],"curies":[{"name":"wp","href":"https:\/\/api.w.org\/{rel}","templated":true}]}}